{"id":715,"date":"2021-01-15T21:56:28","date_gmt":"2021-01-15T21:56:28","guid":{"rendered":"https:\/\/home.physics.wisc.edu\/gilbert\/?page_id=715"},"modified":"2026-03-09T02:30:01","modified_gmt":"2026-03-09T02:30:01","slug":"coral-biomineralization","status":"publish","type":"page","link":"https:\/\/home.physics.wisc.edu\/gilbert\/coral-biomineralization\/","title":{"rendered":"Coral Biomineralization"},"content":{"rendered":"<h1 style=\"margin-top:var(--wp--preset--spacing--50);margin-bottom:var(--wp--preset--spacing--20);\" class=\"is-style-mini-bar wp-block-post-title\">Coral Biomineralization<\/h1><div id=\"\" class=\"wp-block-group alignfull has-background  has-base-background-color\" style=\"margin-top:0;margin-bottom:0; padding-top:var(--wp--preset--spacing--40); padding-bottom:var(--wp--preset--spacing--60);\"><div class=\"wp-block-group__inner-container is-layout-constrained wp-block-group-is-layout-constrained\"><div class=\"wp-block-columns alignnone is-layout-flex wp-container-core-columns-is-layout-9d6595d7 wp-block-columns-is-layout-flex\"><div class=\"wp-block-column is-layout-flow wp-block-column-is-layout-flow\" ><div class=\"wp-block-group\"><div class=\"wp-block-group__inner-container is-layout-constrained wp-block-group-is-layout-constrained\"><span class=\"\">We study how corals form their skeletons in their natural environments or in aquaria.<\/span>\r\n<div class=\"\">\r\n<h3>Precursors phases<\/h3>\r\n<div class=\"\">\r\n<div class=\"\">We found that in all coral species thus far analyzed that aragonite (CaCO3) formation is preceded by particle attachment of amorphous calcium carbonate (ACC) precursors, hydrated and anhydrous (ACC-H2O and ACC). See papers 145 and 156. These are Mass et al. <i class=\"\">Procs Natl Acad Sci<\/i> 2017, and Sun et al. <i class=\"\">Procs Natl Acad Sci<\/i> 2020. More recently, we found that there are not only 2 amorphous but also 2 crystalline precursor phases. These are calcium carbonate hemihydrate (CCHH) and monohydrocalcite (MHC). See paper 175,<em> Nature Communications<\/em> 2024.<\/div>\r\n<div><\/div>\r\n<\/div>\r\n<div>\r\n<h3>Crystal orientations<\/h3>\r\n<div class=\"\">\r\n<div class=\"\">We found that in all 13 species thus far analyzed all mature coral skeletons are made of aragonite (CaCO3), and all crystals are arranged spherulitically, that is, as acicular crystals radiating from common centers, termed center of calcification (CoCs). First we gave a quantitative definition of spherulite (&lt;35\u00b0 angle spread of <em>c<\/em>-axes measured with PIC mapping in adjacent crystals), then used this definition to confirm that all 13 coral skeletons are spherulitic. We found that a subset of species also retains \u201csprinkles\u201d. That is, randomly oriented crystals, interspersed with spherulites. Using diverse coral skeletons as a model system, we figured out how all spherulites form: sprinkles are nucleated first at the growth front of a spherulite, then coarsening makes radially oriented crystals get larger at the expense of sprinkles. This growth mechanism applies to inorganic and organic spherulites, from coral skeletons, to geologic minerals, metals, aspirin, and chocolate (both sucrose and cocoa butter form spherulites in chocolate).<\/div>\r\n<div class=\"\">Phase-field theory simulations by L\u00e1szlo Gr\u00e1n\u00e1sy confirm this formation mechanism for spherulites. See papers 144, 159, 160. These are Sun et al. <i class=\"\">ACS Nano\u00a0<\/i>2017, Lo et al. <i class=\"\">Procs Natl Acad Sci<\/i> 2021, Sun et al.<i class=\"\">\u00a0Acta Biomaterialia<\/i> 2021.<\/div>\r\n<div>We also found that small misorientation of adjacent crystals provides toughness to the biomineral, thus explaining why corals form their skeletons this way, that is, that the evolutionary advantage of spherulitic skeleton formation is increased toughness. See paper 172 in <em>Advanced Materials <\/em>2023. That&#8217;s how corals get to be the supporting structure for entire reef ecosystems.<\/div>\r\n<\/div>\r\n<div class=\"\"><\/div>\r\n<\/div>\r\n<\/div><\/div><\/div><\/div><\/div><\/div><\/div>","protected":false},"excerpt":{"rendered":"<p>We study how corals form their skeletons in their natural environments or in aquaria. Precursors phases We found that in all coral species thus far analyzed that aragonite (CaCO3) formation is preceded by particle attachment of amorphous calcium carbonate (ACC) precursors, hydrated and anhydrous (ACC-H2O and ACC). See papers 145 and 156. These are Mass&hellip;<\/p>\n","protected":false},"author":2,"featured_media":0,"parent":0,"menu_order":0,"comment_status":"closed","ping_status":"closed","template":"","meta":{"_acf_changed":false,"_uw_migration_status":"in-progress","_uw_gutenberg_post_content_before_migration":"","footnotes":""},"class_list":["post-715","page","type-page","status-publish","hentry"],"acf":[],"_links":{"self":[{"href":"https:\/\/home.physics.wisc.edu\/gilbert\/wp-json\/wp\/v2\/pages\/715","targetHints":{"allow":["GET"]}}],"collection":[{"href":"https:\/\/home.physics.wisc.edu\/gilbert\/wp-json\/wp\/v2\/pages"}],"about":[{"href":"https:\/\/home.physics.wisc.edu\/gilbert\/wp-json\/wp\/v2\/types\/page"}],"author":[{"embeddable":true,"href":"https:\/\/home.physics.wisc.edu\/gilbert\/wp-json\/wp\/v2\/users\/2"}],"replies":[{"embeddable":true,"href":"https:\/\/home.physics.wisc.edu\/gilbert\/wp-json\/wp\/v2\/comments?post=715"}],"version-history":[{"count":9,"href":"https:\/\/home.physics.wisc.edu\/gilbert\/wp-json\/wp\/v2\/pages\/715\/revisions"}],"predecessor-version":[{"id":1181,"href":"https:\/\/home.physics.wisc.edu\/gilbert\/wp-json\/wp\/v2\/pages\/715\/revisions\/1181"}],"wp:attachment":[{"href":"https:\/\/home.physics.wisc.edu\/gilbert\/wp-json\/wp\/v2\/media?parent=715"}],"curies":[{"name":"wp","href":"https:\/\/api.w.org\/{rel}","templated":true}]}}